{"id":20781,"date":"2016-01-16T14:50:26","date_gmt":"2016-01-16T14:50:26","guid":{"rendered":"https:\/\/www.didgehouse.ch\/agb\/"},"modified":"2019-08-23T14:31:28","modified_gmt":"2019-08-23T14:31:28","slug":"agb","status":"publish","type":"page","link":"https:\/\/www.didgehouse.ch\/en\/agb\/","title":{"rendered":"AGB"},"content":{"rendered":"<h3>Allg. Gesch\u00e4ftsbedingungen<\/h3>\n<p><a>1. Geltungsbereich<\/a> Didgeridoo House f\u00fchrt die Bestellung nach den zum Zeitpunkt der Bestellung jeweils g\u00fcltigen AGB aus. Die AGB stehen ihnen auf der Homepage tagesaktuell unter dem Link AGB zur Verf\u00fcgung. Im Zweifel gelten die auf der Homepage zum Zeitpunkt der Bestellung ver\u00f6ffentlichten AGB. Entgegenstehende AGB k\u00f6nnen wir nicht anerkennen. <a>2. Vertragspartner<\/a> Der Kaufvertrag kommt zustande mit: Didgeridoo House Staffelstrasse 35 CH-5430 Wettingen Inhaber: Yves Busslinger, Michael Busslinger Sie erreichen uns f\u00fcr Fragen, Reklamationen und Beanstandungen werktags von 9:00h bis 17:00h unter der Telefonnummer +41 (0)56 508 58 05 sowie per E-Mail unter info@didgehouse.ch. <a>3. Angebot und Vertragsschluss<\/a> 3.1 Die Darstellung der Produkte im Online-Shop stellt kein rechtlich bindendes Angebot, sondern eine Aufforderung zur Bestellung dar. Alle Angebote gelten &#8220;solange der Vorrat reicht&#8221;, wenn nicht bei den Produkten etwas anderes vermerkt ist. Irrt\u00fcmer vorbehalten. 3.2 Durch Anklicken des Buttons &#8220;Bestellung abschliessen&#8221; im letzten Schritt des Bestellprozesses geben Sie eine verbindliche Bestellung der im Warenkorb enthaltenen Waren ab. Der Kaufvertrag kommt zustande, wenn wir Ihre Bestellung durch eine Auftragsbest\u00e4tigung per E-Mail unmittelbar nach dem Erhalt Ihrer Bestellung annehmen. Diese Auftragsbest\u00e4tigung beinhaltet die wesentlichen Inhalte ihrer Bestellung. <a>4. Vertragstext<\/a> Der Vertragstext wird auf unseren internen Systemen gespeichert. Die Allgemeinen Gesch\u00e4ftsbedingungen k\u00f6nnen Sie jederzeit auf dieser Seite einsehen. <a>5. Widerrufsrecht<\/a><\/p>\n<p>Verbraucher haben ein gesetzliches Widerrufsrecht.<\/p>\n<h3>Widerrufsbelehrung<\/h3>\n<p>Sie k\u00f6nnen Ihre Vertragserkl\u00e4rung innerhalb von 7 Tagen, nachdem die Ware beim bestimmungsgem\u00e4ssen Empf\u00e4nger eingegangen ist, ohne Angabe von Gr\u00fcnden in Textform (z.B. Brief, E-Mail) oder durch R\u00fccksendung der Sache widerrufen. Zur Wahrung der Widerrufsfrist gen\u00fcgt die rechtzeitige Absendung des Widerrufs oder der Sache. Der Widerruf ist zu richten an:<\/p>\n<p>Didgeridoo House<br \/>Staffelstrasse 35<br \/>CH-5430 Wettingen<\/p>\n<p>E-Mail: info@didgehouse<\/p>\n<h3>Widerrufsfolgen<\/h3>\n<p>Im Falle eines wirksamen Widerrufs sind die beiderseits empfangenen Leistungen zur\u00fcckzugew\u00e4hren und ggf. gezogene Nutzungen (z.B. Zinsen) herauszugeben. K\u00f6nnen Sie uns die empfangene Leistung ganz oder teilweise nicht oder nur in verschlechtertem Zustand zur\u00fcckgew\u00e4hren, m\u00fcssen Sie uns insoweit ggf. Wertersatz leisten. Bei der \u00dcberlassung von Sachen gilt dies nicht, wenn die Verschlechterung der Ware ausschliesslich auf deren Pr\u00fcfung &#8211; wie sie Ihnen etwa im Ladengesch\u00e4ft m\u00f6glich gewesen w\u00e4re &#8211; zur\u00fcckzuf\u00fchren ist. Im \u00dcbrigen k\u00f6nnen Sie die Wertersatzpflicht vermeiden, indem Sie die Sache nicht wie ihr Eigentum in Gebrauch nehmen und alles unterlassen, was deren Wert beeintr\u00e4chtigt.<br \/>Schicken sie R\u00fccksendungen immer ausreichend frankiert und legen sie die Originalrechnung (Lieferschein) der R\u00fccksendung bei. Unfrei eingesannte R\u00fccksendungen k\u00f6nnen nicht angenommen werden. Wir behalten uns ausdr\u00fccklich vor, ihnen die daf\u00fcr anfallenden Mehrkosten berechnen.<\/p>\n<h3>Besondere Hinweise<\/h3>\n<p>Ihr Widerrufsrecht erlischt vorzeitig, wenn Ihr Vertragspartner mit der Ausf\u00fchrung der Dienstleistung mit Ihrer ausdr\u00fccklichen Zustimmung vor Ende der Widerrufsfrist begonnen hat oder Sie diese selbst veranlasst haben (z.B. durch Download etc.).<\/p>\n<h3>Ausnahmen des Widerrufsrecht<\/h3>\n<p>Von diesem Widerrufsrecht ausgeschlossen sind Artikel, die von ihnen entsiegelt wurden, auf Kundenspezifikationen hergestellte Waren, speziell f\u00fcr den Kunden beschaffte Waren, schwer erh\u00e4ltliche Waren und besch\u00e4digt bei uns eingetroffene Artikel.<\/p>\n<p>Ende der Widerrufsbelehrung<\/p>\n<p><a>6. Preise und Versandkosten<\/a><\/p>\n<p>6.1 Die auf den Produktseiten genannten Preise enthalten die gesetzliche Mehrwertsteuer und sonstige Preisbestandteile.<\/p>\n<p>6.2 Die Versandkosten h\u00e4ngen von der Menge der bestellten Waren sowie der Versandart ab und werden Ihnen vor Abgabe Ihrer verbindlichen Bestellung deutlich mitgeteilt. Es gelten jeweils die aktuellen Tarife der Schweizerischen Post.<\/p>\n<p>6.3 Sie erhalten ihre Lieferung mit Rechnung in CHF\u00a0zugestellt. Lieferadressen im Ausland erhalten die Rechnung in Euro.<\/p>\n<p><a>7. Lieferung<\/a><\/p>\n<p>7.1 Die Lieferung erfolgen in der Schweiz, in Deutschland und \u00d6sterreich. Entsprechende Porto und Versandkosten werden verrechnet.<\/p>\n<p>7.2 Die Lieferzeit betr\u00e4gt im Regelfall 3- 5 Werktage. Auf evtl. abweichende Lieferzeiten weisen wir auf der jeweiligen Produktseite hin.<\/p>\n<p>7.3 Sollte das bestellte Produkt nicht rechtzeitig lieferbar sein, weil wir mit diesem Produkt durch unseren Lieferanten nicht rechtzeitig beliefert werden, informieren wir Sie unverz\u00fcglich. Es steht Ihnen in einem solchen Fall frei, auf das bestellte Produkt zu warten oder Ihre Bestellung zu stornieren. Bei einer Stornierung werden ggf. bereits erbrachte Gegenleistungen unverz\u00fcglich erstattet.<\/p>\n<p>7.4 Wir sind zu Teillieferungen berechtigt, Mehrkosten fallen dadurch keine an, ausser bei schwer erh\u00e4ltlichen Artikeln. In solchen F\u00e4llen Verrechnen wir die Teillieferung dieses Artikels.<\/p>\n<p>7.5 Die Bef\u00f6rderungsgefahr tr\u00e4gt der Empf\u00e4nger, auch bei frachtfreier Lieferung. Ohne ausdr\u00fccklichen schriftlichen Wunsch des Kunden wird die Ware nicht versichert.<\/p>\n<p><a>8. Zahlung<\/a><\/p>\n<p>8.1 Die Zahlung erfolgt wahlweise per Kreditkarte\u00a0oder \u00dcberweisung (Vorkasse)<\/p>\n<p>8.2 Bei Auswahl der Zahlungsart Vorkasse nennen wir Ihnen unsere Bankverbindung in der Auftragsbest\u00e4tigung und liefern die Ware nach Zahlungseingang.<\/p>\n<p>8.3 Ein Recht zur Aufrechnung steht Ihnen nur dann zu, wenn Ihre Gegenanspr\u00fcche rechtskr\u00e4ftig gerichtlich festgestellt oder schriftlich durch uns anerkannt wurden.<\/p>\n<p>8.4 Sie k\u00f6nnen ein Zur\u00fcckbehaltungsrecht nur aus\u00fcben, soweit die Anspr\u00fcche aus dem gleichen Vertragsverh\u00e4ltnis resultieren.<\/p>\n<p>8.6 F\u00fcr nach Verzugseintritt entstandene Mahnkosten berechnen wir eine Mahnkostenpauschale in H\u00f6he von CHF\u00a025.00 pro Mahnung. Weitergehende Anspr\u00fcche, insbesondere hinsichtlich der Durchsetzung der Forderung durch ein Inkassob\u00fcro oder einen Rechtsanwalt, bleiben unber\u00fchrt.<\/p>\n<p><a>9. Eigentumsvorbehalt<\/a><\/p>\n<p>9.1 Wir behalten uns das Eigentum an der Kaufsache bis zum Eingang aller Zahlungen aus dem Vertrag vor.<\/p>\n<p>9.2 Bei Zahlungsverzug sind wir berechtigt, vom Vertrag zur\u00fcckzutreten und die Kaufsache zur\u00fcckzufordern.<\/p>\n<p>9.3<\/p>\n<p>F\u00fcr den Fall, dass ein Lieferant von uns trotz vertraglicher Verpflichtung die bestellte Ware nicht mehr liefert und dies zu einem von uns unverschuldeten, nicht nur vor\u00fcbergehenden Leistungshindernis f\u00fchrt, sind wir zum R\u00fccktritt berechtigt. Im Falle des R\u00fccktrittes werden wir Sie unverz\u00fcglich \u00fcber die Nichtverf\u00fcgbarkeit informieren und bereits erbrachte Gegenleistungen unverz\u00fcglich erstatten.<\/p>\n<p><a>10. Gew\u00e4hrleistung<\/a> Die Gew\u00e4hrleistung erfolgt nach den gesetzlichen Bestimmungen. <a>11. Datenschutz<\/a> Die f\u00fcr die Gesch\u00e4ftsabwicklung notwendigen Daten werden unter strikter Beachtung der geltenden Bestimmungen gespeichert. Alle pers\u00f6nlichen Daten werden vertraulich behandelt. <a>12. Anwendbares Recht und Gerichtsstand<\/a><\/p>\n<p>Es gelten die Bestimmungen des schweizerischen Rechtes, auch wenn aus dem Ausland bestellt oder ins Ausland geliefert wird. Gerichtsstand f\u00fcr alle Anspr\u00fcche im Zusammenhang mit Ihrer Bestellung ist Baden.<\/p>\n<p>Wir sind berechtigt, auch an Ihrem allgemeinen Gerichtsstand zu klagen. Die Unwirksamkeit einzelner Bestimmungen ber\u00fchrt nicht die \u00fcbrige Wirksamkeit des Vertrages und dieser AGB.<\/p>\n<p>(C) 2007 &#8211; 2016 Alle Rechte vorbehalten<\/p>\n<p><!-- \/ accordion --><\/p>\n","protected":false},"excerpt":{"rendered":"<p>Allg. Gesch\u00e4ftsbedingungen 1. Geltungsbereich Didgeridoo House f\u00fchrt die Bestellung nach den zum Zeitpunkt der Bestellung jeweils g\u00fcltigen AGB&#8230;<\/p>\n","protected":false},"author":3,"featured_media":0,"parent":0,"menu_order":0,"comment_status":"closed","ping_status":"closed","template":"","meta":{"footnotes":""},"_links":{"self":[{"href":"https:\/\/www.didgehouse.ch\/en\/wp-json\/wp\/v2\/pages\/20781"}],"collection":[{"href":"https:\/\/www.didgehouse.ch\/en\/wp-json\/wp\/v2\/pages"}],"about":[{"href":"https:\/\/www.didgehouse.ch\/en\/wp-json\/wp\/v2\/types\/page"}],"author":[{"embeddable":true,"href":"https:\/\/www.didgehouse.ch\/en\/wp-json\/wp\/v2\/users\/3"}],"replies":[{"embeddable":true,"href":"https:\/\/www.didgehouse.ch\/en\/wp-json\/wp\/v2\/comments?post=20781"}],"version-history":[{"count":0,"href":"https:\/\/www.didgehouse.ch\/en\/wp-json\/wp\/v2\/pages\/20781\/revisions"}],"wp:attachment":[{"href":"https:\/\/www.didgehouse.ch\/en\/wp-json\/wp\/v2\/media?parent=20781"}],"curies":[{"name":"wp","href":"https:\/\/api.w.org\/{rel}","templated":true}]}}